{"id":2483,"date":"2026-02-09T15:03:14","date_gmt":"2026-02-09T15:03:14","guid":{"rendered":"https:\/\/cardonergroup.com\/legal-notice\/"},"modified":"2026-02-23T15:49:23","modified_gmt":"2026-02-23T15:49:23","slug":"legal-notice","status":"publish","type":"page","link":"https:\/\/cardonergroup.com\/ca\/legal-notice\/","title":{"rendered":"Condicions legals"},"content":{"rendered":"\n<h3 class=\"wp-block-heading\">[number]1.[\/number]<strong>Titularitat del domini<\/strong><\/h3>\n\n\n\n<p>En compliment de la legislaci\u00f3 vigent, s\u2019informa els usuaris que la titularitat d\u2019aquest domini \u00e9s de:<\/p>\n\n\n\n<p><strong>Denominaci\u00f3 social:<\/strong> Cardoner Group Holding Accionarial, SL.<br><strong>Domicili:<\/strong> C\/ Muralla Sant Francesc, 49 08242 Manresa (Barcelona)<br><strong>Registre Mercantil de Barcelona:<\/strong> Tom 46743, Foli 14 i Full 529478<br><strong>Tel.:<\/strong> 938724334<br><strong>CIF:<\/strong> B67360727<br><strong>Email:<\/strong> info@constructoracardoner.com<\/p>\n\n\n\n<p>Per <em>Lloc Web<\/em>, ens referim a tots els dominis que l\u2019empresa t\u00e9 a internet i a la xarxa i a aquest efecte <a href=\"http:\/\/www.cardonergroup.com\">www.cardonergroup.com<\/a>. L\u2019acc\u00e9s i la utilitzaci\u00f3 del Lloc Web atribueixen la condici\u00f3 d\u2019usuari del Lloc Web (d\u2019ara endavant, l\u2019\u201cUsuari\u201d) implica l\u2019acceptaci\u00f3 de totes les condicions incloses en aquest Av\u00eds Legal aix\u00ed com de les seves modificacions, at\u00e8s que l\u2019empresa es reserva la facultat d\u2019efectuar, en qualsevol moment i sense necessitat de previ av\u00eds, modificacions i actualitzacions de la informaci\u00f3 continguda al Web, de la configuraci\u00f3 i de la presentaci\u00f3 d\u2019aquest i de les condicions d\u2019acc\u00e9s.<\/p>\n\n\n\n<p>Per tant, l\u2019Usuari ha de llegir sempre el present Av\u00eds Legal en cadascuna de les ocasions en qu\u00e8 accedeixi al Lloc Web ja que aquests, i les condicions d\u2019\u00fas recollides en el present Av\u00eds Legal, poden patir modificacions. En qualsevol cas el simple fet d\u2019usar el Lloc Web i navegar-hi, suposar\u00e0 sempre l\u2019acceptaci\u00f3 com a Usuari sense cap mena de reserva de totes i cadascuna de les condicions generals d\u2019acc\u00e9s i \u00fas presents.<\/p>\n\n\n\n<h3 class=\"wp-block-heading\">[number]2.[\/number]<strong>Propietat intel\u00b7lectual i industrial<\/strong><\/h3>\n\n\n\n<p>Tots els Continguts existents al Web com poden ser, a t\u00edtol merament enunciatiu i no limitatiu, els textos, fotografies, gr\u00e0fics, v\u00eddeos, imatges, icones, tecnologia, programari, enlla\u00e7os i altres continguts audiovisuals o sonors, aix\u00ed com el seu disseny gr\u00e0fic i codis font, s\u00f3n propietat de l\u2019empresa, que disposa, si escau, del dret d\u2019\u00fas i explotaci\u00f3, i en aquest sentit, es converteixen en obres protegides per la legislaci\u00f3 aplicable en mat\u00e8ria de propietat intel\u00b7lectual i industrial, nacional i internacional vigent en cada moment, per la qual cosa no pot entendre\u2019s cedit a l\u2019Usuari cap dels drets d\u2019explotaci\u00f3 reconeguts per la normativa vigent en mat\u00e8ria de propietat intel\u00b7lectual sobre aquests.<\/p>\n\n\n\n<p>Per tant, d\u2019acord amb la legislaci\u00f3 en mat\u00e8ria de propietat intel\u00b7lectual i les disposicions vigents en cada moment, queda terminantment prohibida l\u2019explotaci\u00f3 total o parcial de qualsevol dels continguts que apareixen al lloc Web aix\u00ed com la c\u00f2pia, reproducci\u00f3, adaptaci\u00f3, modificaci\u00f3 o transformaci\u00f3 dels continguts del lloc web, si escau, la distribuci\u00f3 i la comunicaci\u00f3 p\u00fablica, inclosa la seva modalitat de posada a disposici\u00f3, de la totalitat o part dels continguts, amb fins comercials, en qualsevol suport i per qualsevol mitj\u00e0 t\u00e8cnic, sense l\u2019autoritzaci\u00f3 expressa i per escrit de l\u2019empresa.<\/p>\n\n\n\n<p>Les marques, noms comercials o signes distintius s\u00f3n titularitat de l\u2019empresa, sense que pugui entendre\u2019s que l\u2019acc\u00e9s al Lloc Web atribueixi cap dret sobre les esmentades marques, noms comercials i\/o signes distintius. Per tant, el simple acc\u00e9s per part de l\u2019Usuari al lloc Web comporta el seu comprom\u00eds a respectar els drets de propietat intel\u00b7lectual i industrial titularitat de l\u2019empresa.<\/p>\n\n\n\n<h3 class=\"wp-block-heading\">[number]3.[\/number] <strong>Hiperenlla\u00e7os i\/o Enlla\u00e7o<\/strong>s<\/h3>\n\n\n\n<p>Entre els continguts existents al lloc Web, podrien incloure\u2019s enlla\u00e7os amb altres webs gestionades per tercers, amb l\u2019objectiu de facilitar l\u2019acc\u00e9s de l\u2019Usuari a la informaci\u00f3 intercanviable a trav\u00e9s d\u2019Internet.<\/p>\n\n\n\n<p>L\u2019empresa no es responsabilitza de l\u2019exist\u00e8ncia d\u2019enlla\u00e7os entre tercers i altres webs alienes a l\u2019empresa, i els enlla\u00e7os que es puguin facilitar a trav\u00e9s del Web tenen finalitats informatives per a l\u2019Usuari d\u2019aquest, per\u00f2 en cap cas situarien l\u2019empresa en una posici\u00f3 de garant i\/o de part oferent dels serveis i\/o informaci\u00f3 que es puguin oferir a tercers per mitj\u00e0 dels enlla\u00e7os i, per tant, l\u2019empresa no es fa responsable pels danys produ\u00efts per la il\u00b7licitud, qualitat, desactualitzaci\u00f3, indisponibilitat, error i inutilitat dels continguts i\/o serveis dels Llocs Enlla\u00e7ats ni per qualsevol altre dany.<\/p>\n\n\n\n<p>Per tant, l\u2019empresa s\u2019eximeix de qualsevol responsabilitat pels serveis i\/o informaci\u00f3 que es presti en altres p\u00e0gines web enlla\u00e7ades amb aquest lloc Web. S\u2019adverteix l\u2019Usuari que, en el sup\u00f2sit que consideri que existeix un Lloc Enlla\u00e7at amb continguts il\u00b7l\u00edcits o inadequats, podr\u00e0 comunicar-ho a l\u2019empresa mitjan\u00e7ant correu electr\u00f2nic.<\/p>\n\n\n\n<p>Finalment, queda prohibida la introducci\u00f3 d\u2019hiperenlla\u00e7os amb fins publicitaris, comercials o d\u2019associaci\u00f3 a p\u00e0gines web alienes a l\u2019empresa que permetin l\u2019acc\u00e9s al lloc Web de l\u2019empresa sense consentiment i\/o autoritzaci\u00f3 expressa. En el cas de la seva autoritzaci\u00f3 per part de l\u2019empresa s\u2019establiran les condicions per introduir enlla\u00e7os des de les seves p\u00e0gines al Lloc Web de l\u2019empresa.<\/p>\n\n\n\n<h3 class=\"wp-block-heading\">[number]4.[\/number]Condiciones de uso del Sitio Web<\/h3>\n\n\n\n<p><strong>4.1 General<\/strong><\/p>\n\n\n\n<p>L\u2019Usuari reconeix i accepta que l\u2019acc\u00e9s i \u00fas del Lloc Web s\u00f3n lliures i voluntaris, i es realitzen sota la seva exclusiva responsabilitat.<\/p>\n\n\n\n<p>Per tant, l\u2019Usuari s\u2019obliga a utilitzar el Web de forma correcta i l\u00edcita, de conformitat amb la Llei, el present Av\u00eds Legal i la bona fe i l\u2019ordre p\u00fablic, abstenint-se d\u2019utilitzar el Web de qualsevol forma que pugui impedir, danyar o deteriorar el funcionament normal, els b\u00e9ns, drets i interessos de l\u2019empresa, dels seus prove\u00efdors, de la resta d\u2019usuaris o, en general, de qualsevol tercer, o que de qualsevol altra forma sobrecarreguin, danyin o inutilitzin les xarxes, servidors i altres equips inform\u00e0tics (hardware) o productes i aplicacions inform\u00e0tiques (software) de l\u2019empresa o de tercers, pel que l\u2019Usuari respondr\u00e0 davant l\u2019empresa o davant tercers de qualsevols danys i perjudicis que poguessin causar-se com a conseq\u00fc\u00e8ncia de l\u2019incompliment d\u2019aquestes obligacions.<\/p>\n\n\n\n<p>Durant la utilitzaci\u00f3 del Lloc Web per part de l\u2019Usuari, quedaran tamb\u00e9 prohibides, de forma enunciativa per\u00f2 no limitativa, les seg\u00fcents accions, que podran ser modificades:<\/p>\n\n\n\n<ul class=\"wp-block-list\">\n<li>&nbsp;La utilitzaci\u00f3 de virus inform\u00e0tics o qualsevol arxiu o programa dissenyat per interrompre, danyar o limitar el funcionament del Web, de qualsevol dels serveis o xarxes de l\u2019empresa, de qualsevol programari, maquinari o equip de telecomunicacions, o danyar o obtenir acc\u00e9s no autoritzat a les dades o altra informaci\u00f3 de l\u2019empresa o de qualsevol tercer.<\/li>\n\n\n\n<li>Suplantar identitats, interferir o interrompre el servei, els servidors o les xarxes connectades als serveis o incomplir qualsevol dels requisits o regulacions de xarxes connectades als serveis.<\/li>\n\n\n\n<li>Utilitzar identitats falses i suplantar la identitat d\u2019altres en la utilitzaci\u00f3 del Web o de qualsevol dels seus serveis, aix\u00ed com la utilitzaci\u00f3 de contrasenyes o claus d\u2019acc\u00e9s de tercers o de qualsevol altra forma.<\/li>\n\n\n\n<li>Falsificar o alterar qualsevol informaci\u00f3 de l\u2019empresa.<\/li>\n\n\n\n<li>Introduir, emmagatzemar o difondre, al Web o des d\u2019aquest, qualsevol informaci\u00f3 contr\u00e0ria a la llei, les normes, els costums i l\u2019ordre p\u00fablic, aix\u00ed com qualsevol material que pugui ser difamatori, injuri\u00f3s, obsc\u00e8, amena\u00e7ador, xen\u00f2fob, incitador a la viol\u00e8ncia, a la discriminaci\u00f3 per ra\u00f3 de ra\u00e7a, sexe, ideologia o religi\u00f3, o que de qualsevol forma atempti contra la moral, l\u2019ordre p\u00fablic, els drets fonamentals, les llibertats p\u00fabliques, l\u2019honor, la intimitat o la imatge de tercers i, en general, la normativa vigent.<\/li>\n\n\n\n<li>Realitzar activitats publicit\u00e0ries o d\u2019explotaci\u00f3 comercial a trav\u00e9s del Web i utilitzar els continguts i la informaci\u00f3 per remetre publicitat, enviar missatges amb qualsevol altra finalitat comercial, o recollir o emmagatzemar dades personals de tercers.<\/li>\n\n\n\n<li>Col\u00b7laborar amb un tercer per realitzar qualsevol de les conductes descrites.<\/li>\n<\/ul>\n\n\n\n<p><strong>4.2 <strong>En relaci\u00f3 amb els continguts i la propietat intel\u00b7lectual i industrial<\/strong><\/strong><\/p>\n\n\n\n<ul class=\"wp-block-list\">\n<li>\u00a0No reproduir de cap manera, ni tan sols mitjan\u00e7ant un hiperenlla\u00e7, el lloc Web de l\u2019empresa ni cap dels seus continguts, si no \u00e9s mitjan\u00e7ant autoritzaci\u00f3 expressa i per escrit de l\u2019empresa.<\/li>\n\n\n\n<li>No suprimir, eludir o manipular els continguts, dades, informaci\u00f3 i imatges, disseny i altres dades identificatives dels drets dels seus titulars incorporats als Continguts, aix\u00ed com els dispositius t\u00e8cnics de protecci\u00f3 o qualsevol dels mecanismes d\u2019informaci\u00f3 que puguin contenir els Continguts.<\/li>\n\n\n\n<li>No alterar, reprogramar, modificar, adaptar ni traduir el codi font d\u2019aquesta P\u00e0gina Web.<\/li>\n\n\n\n<li>Es considerar\u00e0 c\u00f2pia no autoritzada qualsevol reproducci\u00f3 parcial o total del codi font de la P\u00e0gina Web en qualsevol suport.<\/li>\n\n\n\n<li>Estar\u00e0 prohibit tamb\u00e9 reproduir o copiar per a \u00fas privat els continguts que puguin ser considerats com a programari o bases de dades de conformitat amb la legislaci\u00f3 vigent en mat\u00e8ria de propietat intel\u00b7lectual, aix\u00ed com la seva comunicaci\u00f3 p\u00fablica o la seva posada a disposici\u00f3 de tercers, quan aquests actes impliquin necess\u00e0riament la reproducci\u00f3 per part de l\u2019Usuari o d\u2019un tercer.<\/li>\n\n\n\n<li>No introduir, emmagatzemar o difondre mitjan\u00e7ant el Web cap contingut que infringeixi drets de propietat intel\u00b7lectual, industrial o secrets empresarials de tercers i, en general, cap contingut del qual no ostenti, de conformitat amb la llei, el dret a posar a disposici\u00f3 de tercers.<\/li>\n\n\n\n<li>No col\u00b7laborar amb un tercer per realitzar qualsevol de les conductes descrites.<\/li>\n<\/ul>\n\n\n\n<h3 class=\"wp-block-heading\">[number]5.[\/number]<strong>Exclusi\u00f3 de responsabilitat<\/strong><\/h3>\n\n\n\n<p>L\u2019empresa en cap cas ser\u00e0 responsable de les circumst\u00e0ncies que a continuaci\u00f3 es relacionen, a t\u00edtol enunciatiu i no limitatiu, ni tampoc dels danys que se\u2019n puguin derivar.<\/p>\n\n\n\n<ul class=\"wp-block-list\">\n<li>L\u2019empresa no assumeix cap responsabilitat pel retard, esborrat, lliurament erroni o fallada en desar comunicacions d\u2019Usuaris o configuracions personals.<\/li>\n\n\n\n<li>L\u2019empresa tampoc es responsabilitza de les decisions preses a partir de la informaci\u00f3 subministrada al Lloc Web, ni dels danys i perjudicis produ\u00efts a l\u2019Usuari o tercers amb motiu d\u2019actuacions que tinguin com a \u00fanic fonament la informaci\u00f3 obtinguda al Lloc Web.<\/li>\n\n\n\n<li>L\u2019empresa es reserva el dret a negar-se a proporcionar el servei a qualsevol persona per qualsevol motiu i\/o a interrompre el servei en la seva totalitat o en part en qualsevol moment, amb o sense preav\u00eds.<\/li>\n\n\n\n<li>La utilitzaci\u00f3 del Lloc Web est\u00e0 subjecta a tota la normativa aplicable i l\u2019Usuari ser\u00e0 l\u2019\u00fanic responsable del contingut de les seves comunicacions a trav\u00e9s del Lloc Web.<\/li>\n\n\n\n<li>L\u2019acc\u00e9s al Lloc Web no implica l\u2019obligaci\u00f3 per part de l\u2019empresa de controlar l\u2019abs\u00e8ncia de virus, cucs o qualsevol altre element inform\u00e0tic dany\u00f3s. Correspon a l\u2019Usuari, en tot cas, la disponibilitat d\u2019eines adequades per a la detecci\u00f3 i desinfecci\u00f3 de programes inform\u00e0tics danyosos.<\/li>\n\n\n\n<li>L\u2019empresa no es responsabilitza dels danys produ\u00efts als equips inform\u00e0tics dels Usuaris o de tercers durant la prestaci\u00f3 del servei del Lloc Web.<\/li>\n\n\n\n<li>L\u2019empresa no atorga cap garantia ni es fa responsable, en cap cas, dels danys i perjudicis de qualsevol naturalesa que poguessin derivar-se de l\u2019acc\u00e9s o \u00fas dels continguts o del Lloc Web.<\/li>\n<\/ul>\n\n\n\n<p>L\u2019empresa no ser\u00e0 responsable tampoc de:<\/p>\n\n\n\n<ul class=\"wp-block-list\">\n<li>Els possibles errors de seguretat que es poguessin produir pel fet d\u2019utilitzar ordinadors infectats per virus inform\u00e0tics;<\/li>\n\n\n\n<li>L\u2019\u00fas per part de tercers d\u2019elements propietat de CARDONER GROUP que confonguin la seva personalitat;<\/li>\n\n\n\n<li>Les infraccions dels drets de propietat industrial i intel\u00b7lectual per part de tercers;<\/li>\n\n\n\n<li>Els incompliments de tercers que puguin afectar els usuaris del lloc Web de l\u2019empresa;<\/li>\n\n\n\n<li>La manca de funcionament del Web, o d\u2019algun dels seus serveis per causes alienes a l\u2019empresa;<\/li>\n\n\n\n<li>Les conseq\u00fc\u00e8ncies derivades del mal funcionament del navegador o per l\u2019\u00fas de versions no actualitzades d\u2019aquest;<\/li>\n\n\n\n<li>L\u2019exist\u00e8ncia de virus, programes maliciosos o lesius en els continguts;<\/li>\n\n\n\n<li>L\u2019\u00fas il\u00b7l\u00edcit, negligent, fraudulent, contrari als termes del present Av\u00eds Legal, o a la bona fe i l\u2019ordre p\u00fablic, del Lloc Web o els seus continguts, per part dels Usuaris;<\/li>\n\n\n\n<li>Els danys o perjudicis de qualsevol tipus produ\u00efts a l\u2019Usuari que siguin causa de fallades o desconnexions en les xarxes de telecomunicacions, fallades inform\u00e0tiques o altres sistemes electr\u00f2nics que produeixin la suspensi\u00f3, cancel\u00b7laci\u00f3 o interrupci\u00f3 del servei del Lloc Web, durant la prestaci\u00f3 d\u2019aquest o amb car\u00e0cter previ.<\/li>\n<\/ul>\n\n\n\n<p>En refer\u00e8ncia als continguts i serveis enlla\u00e7ats a trav\u00e9s del Lloc Web, ens remetem al que estableix l\u2019apartat 3 del present Av\u00eds Legal referent als Hiperenlla\u00e7os i\/o Enlla\u00e7os.<\/p>\n\n\n\n<h3 class=\"wp-block-heading\">[number]6.[\/number]<strong>Consultes, reclamacions i comunicaci\u00f3 d\u2019activitats de car\u00e0cter il\u00b7l\u00edcit o inadequat<\/strong><\/h3>\n\n\n\n<p>Per a qualsevol suggeriment, consulta, queixa o reclamaci\u00f3, l\u2019Usuari pot dirigir-se a l\u2019empresa a trav\u00e9s dels canals de comunicaci\u00f3 actuals o futurs que s\u2019estableixin i en concret a:<\/p>\n\n\n\n<p><strong>Denominaci\u00f3 social:<\/strong> Cardoner Group Holding Accionarial, SL.<br><strong>Domicili:<\/strong> C\/ Muralla Sant Francesc, 49 08242 Manresa (Barcelona)<br><strong>Tel.:<\/strong> 938724334<br><strong>CIF:<\/strong> B67360727<br><strong>Email:<\/strong> <a href=\"mailto:info@constructoracardoner.com\">info@constructoracardoner.com<\/a><\/p>\n\n\n\n<h3 class=\"wp-block-heading\">[number]7.[\/number]<strong>Legislaci\u00f3 i jurisdicci\u00f3 competent<\/strong><\/h3>\n\n\n\n<p>El present Av\u00eds Legal es regeix en tots i cadascun dels seus extrems per la legislaci\u00f3 nacional vigent en cada moment per a la resoluci\u00f3 de qualsevol controv\u00e8rsia en relaci\u00f3 amb el present Av\u00eds Legal o la relaci\u00f3 entre les mateixes.<\/p>\n\n\n\n<p>En el sup\u00f2sit que sorgeixi qualsevol conflicte o discrep\u00e0ncia en la interpretaci\u00f3 o aplicaci\u00f3 de les condicions legals presents, els jutjats o tribunals que, si escau, coneixeran l\u2019assumpte, seran els que disposi la normativa legal aplicable en mat\u00e8ria de jurisdicci\u00f3 competent, per\u00f2 en el cas que l\u2019Usuari tingui el seu domicili fora d\u2019Espanya, ambdues parts se sotmeten amb ren\u00fancia expressa a qualsevol altre fur que els pogu\u00e9s correspondre, als Jutjats i Tribunals de <strong>Manresa<\/strong>.<\/p>\n\n\n\n<p><\/p>\n","protected":false},"excerpt":{"rendered":"<p>[number]1.[\/number]Titularitat del domini En compliment de la legislaci\u00f3 vigent, s\u2019informa els usuaris que la titularitat d\u2019aquest domini \u00e9s de: Denominaci\u00f3 social: Cardoner Group Holding Accionarial, SL.Domicili: C\/ Muralla Sant Francesc, 49 08242 Manresa (Barcelona)Registre Mercantil de Barcelona: Tom 46743, Foli 14 i Full 529478Tel.: 938724334CIF: B67360727Email: info@constructoracardoner.com Per Lloc Web, ens referim a tots els [&hellip;]<\/p>\n","protected":false},"author":7,"featured_media":1988,"parent":0,"menu_order":0,"comment_status":"closed","ping_status":"closed","template":"templates\/template-policy.php","meta":{"_acf_changed":false,"footnotes":""},"class_list":["post-2483","page","type-page","status-publish","has-post-thumbnail","hentry"],"acf":[],"yoast_head":"<!-- This site is optimized with the Yoast SEO plugin v27.3 - https:\/\/yoast.com\/product\/yoast-seo-wordpress\/ -->\n<title>Condicions legals - Cardoner Group<\/title>\n<meta name=\"robots\" content=\"index, follow, max-snippet:-1, max-image-preview:large, max-video-preview:-1\" \/>\n<link rel=\"canonical\" href=\"https:\/\/cardonergroup.com\/ca\/legal-notice\/\" \/>\n<meta property=\"og:locale\" content=\"ca_ES\" \/>\n<meta property=\"og:type\" content=\"article\" \/>\n<meta property=\"og:title\" content=\"Condicions legals - Cardoner Group\" \/>\n<meta property=\"og:description\" content=\"[number]1.[\/number]Titularitat del domini En compliment de la legislaci\u00f3 vigent, s\u2019informa els usuaris que la titularitat d\u2019aquest domini \u00e9s de: Denominaci\u00f3 social: Cardoner Group Holding Accionarial, SL.Domicili: C\/ Muralla Sant Francesc, 49 08242 Manresa (Barcelona)Registre Mercantil de Barcelona: Tom 46743, Foli 14 i Full 529478Tel.: 938724334CIF: B67360727Email: info@constructoracardoner.com Per Lloc Web, ens referim a tots els [&hellip;]\" \/>\n<meta property=\"og:url\" content=\"https:\/\/cardonergroup.com\/ca\/legal-notice\/\" \/>\n<meta property=\"og:site_name\" content=\"Cardoner Group\" \/>\n<meta property=\"article:modified_time\" content=\"2026-02-23T15:49:23+00:00\" \/>\n<meta name=\"twitter:card\" content=\"summary_large_image\" \/>\n<meta name=\"twitter:label1\" content=\"Temps estimat de lectura\" \/>\n\t<meta name=\"twitter:data1\" content=\"10 minuts\" \/>\n<script type=\"application\/ld+json\" class=\"yoast-schema-graph\">{\"@context\":\"https:\\\/\\\/schema.org\",\"@graph\":[{\"@type\":\"WebPage\",\"@id\":\"https:\\\/\\\/cardonergroup.com\\\/ca\\\/legal-notice\\\/\",\"url\":\"https:\\\/\\\/cardonergroup.com\\\/ca\\\/legal-notice\\\/\",\"name\":\"Condicions legals - Cardoner Group\",\"isPartOf\":{\"@id\":\"https:\\\/\\\/cardonergroup.com\\\/ca\\\/#website\"},\"primaryImageOfPage\":{\"@id\":\"https:\\\/\\\/cardonergroup.com\\\/ca\\\/legal-notice\\\/#primaryimage\"},\"image\":{\"@id\":\"https:\\\/\\\/cardonergroup.com\\\/ca\\\/legal-notice\\\/#primaryimage\"},\"thumbnailUrl\":\"https:\\\/\\\/cardonergroup.com\\\/wp-content\\\/uploads\\\/2026\\\/02\\\/privacy-policy.svg\",\"datePublished\":\"2026-02-09T15:03:14+00:00\",\"dateModified\":\"2026-02-23T15:49:23+00:00\",\"breadcrumb\":{\"@id\":\"https:\\\/\\\/cardonergroup.com\\\/ca\\\/legal-notice\\\/#breadcrumb\"},\"inLanguage\":\"ca\",\"potentialAction\":[{\"@type\":\"ReadAction\",\"target\":[\"https:\\\/\\\/cardonergroup.com\\\/ca\\\/legal-notice\\\/\"]}]},{\"@type\":\"ImageObject\",\"inLanguage\":\"ca\",\"@id\":\"https:\\\/\\\/cardonergroup.com\\\/ca\\\/legal-notice\\\/#primaryimage\",\"url\":\"https:\\\/\\\/cardonergroup.com\\\/wp-content\\\/uploads\\\/2026\\\/02\\\/privacy-policy.svg\",\"contentUrl\":\"https:\\\/\\\/cardonergroup.com\\\/wp-content\\\/uploads\\\/2026\\\/02\\\/privacy-policy.svg\",\"width\":166,\"height\":166},{\"@type\":\"BreadcrumbList\",\"@id\":\"https:\\\/\\\/cardonergroup.com\\\/ca\\\/legal-notice\\\/#breadcrumb\",\"itemListElement\":[{\"@type\":\"ListItem\",\"position\":1,\"name\":\"Portada\",\"item\":\"https:\\\/\\\/cardonergroup.com\\\/ca\\\/\"},{\"@type\":\"ListItem\",\"position\":2,\"name\":\"Condicions legals\"}]},{\"@type\":\"WebSite\",\"@id\":\"https:\\\/\\\/cardonergroup.com\\\/ca\\\/#website\",\"url\":\"https:\\\/\\\/cardonergroup.com\\\/ca\\\/\",\"name\":\"Cardoner Group\",\"description\":\"\",\"potentialAction\":[{\"@type\":\"SearchAction\",\"target\":{\"@type\":\"EntryPoint\",\"urlTemplate\":\"https:\\\/\\\/cardonergroup.com\\\/ca\\\/?s={search_term_string}\"},\"query-input\":{\"@type\":\"PropertyValueSpecification\",\"valueRequired\":true,\"valueName\":\"search_term_string\"}}],\"inLanguage\":\"ca\"}]}<\/script>\n<!-- \/ Yoast SEO plugin. -->","yoast_head_json":{"title":"Condicions legals - Cardoner Group","robots":{"index":"index","follow":"follow","max-snippet":"max-snippet:-1","max-image-preview":"max-image-preview:large","max-video-preview":"max-video-preview:-1"},"canonical":"https:\/\/cardonergroup.com\/ca\/legal-notice\/","og_locale":"ca_ES","og_type":"article","og_title":"Condicions legals - Cardoner Group","og_description":"[number]1.[\/number]Titularitat del domini En compliment de la legislaci\u00f3 vigent, s\u2019informa els usuaris que la titularitat d\u2019aquest domini \u00e9s de: Denominaci\u00f3 social: Cardoner Group Holding Accionarial, SL.Domicili: C\/ Muralla Sant Francesc, 49 08242 Manresa (Barcelona)Registre Mercantil de Barcelona: Tom 46743, Foli 14 i Full 529478Tel.: 938724334CIF: B67360727Email: info@constructoracardoner.com Per Lloc Web, ens referim a tots els [&hellip;]","og_url":"https:\/\/cardonergroup.com\/ca\/legal-notice\/","og_site_name":"Cardoner Group","article_modified_time":"2026-02-23T15:49:23+00:00","twitter_card":"summary_large_image","twitter_misc":{"Temps estimat de lectura":"10 minuts"},"schema":{"@context":"https:\/\/schema.org","@graph":[{"@type":"WebPage","@id":"https:\/\/cardonergroup.com\/ca\/legal-notice\/","url":"https:\/\/cardonergroup.com\/ca\/legal-notice\/","name":"Condicions legals - Cardoner Group","isPartOf":{"@id":"https:\/\/cardonergroup.com\/ca\/#website"},"primaryImageOfPage":{"@id":"https:\/\/cardonergroup.com\/ca\/legal-notice\/#primaryimage"},"image":{"@id":"https:\/\/cardonergroup.com\/ca\/legal-notice\/#primaryimage"},"thumbnailUrl":"https:\/\/cardonergroup.com\/wp-content\/uploads\/2026\/02\/privacy-policy.svg","datePublished":"2026-02-09T15:03:14+00:00","dateModified":"2026-02-23T15:49:23+00:00","breadcrumb":{"@id":"https:\/\/cardonergroup.com\/ca\/legal-notice\/#breadcrumb"},"inLanguage":"ca","potentialAction":[{"@type":"ReadAction","target":["https:\/\/cardonergroup.com\/ca\/legal-notice\/"]}]},{"@type":"ImageObject","inLanguage":"ca","@id":"https:\/\/cardonergroup.com\/ca\/legal-notice\/#primaryimage","url":"https:\/\/cardonergroup.com\/wp-content\/uploads\/2026\/02\/privacy-policy.svg","contentUrl":"https:\/\/cardonergroup.com\/wp-content\/uploads\/2026\/02\/privacy-policy.svg","width":166,"height":166},{"@type":"BreadcrumbList","@id":"https:\/\/cardonergroup.com\/ca\/legal-notice\/#breadcrumb","itemListElement":[{"@type":"ListItem","position":1,"name":"Portada","item":"https:\/\/cardonergroup.com\/ca\/"},{"@type":"ListItem","position":2,"name":"Condicions legals"}]},{"@type":"WebSite","@id":"https:\/\/cardonergroup.com\/ca\/#website","url":"https:\/\/cardonergroup.com\/ca\/","name":"Cardoner Group","description":"","potentialAction":[{"@type":"SearchAction","target":{"@type":"EntryPoint","urlTemplate":"https:\/\/cardonergroup.com\/ca\/?s={search_term_string}"},"query-input":{"@type":"PropertyValueSpecification","valueRequired":true,"valueName":"search_term_string"}}],"inLanguage":"ca"}]}},"_links":{"self":[{"href":"https:\/\/cardonergroup.com\/ca\/wp-json\/wp\/v2\/pages\/2483","targetHints":{"allow":["GET"]}}],"collection":[{"href":"https:\/\/cardonergroup.com\/ca\/wp-json\/wp\/v2\/pages"}],"about":[{"href":"https:\/\/cardonergroup.com\/ca\/wp-json\/wp\/v2\/types\/page"}],"author":[{"embeddable":true,"href":"https:\/\/cardonergroup.com\/ca\/wp-json\/wp\/v2\/users\/7"}],"replies":[{"embeddable":true,"href":"https:\/\/cardonergroup.com\/ca\/wp-json\/wp\/v2\/comments?post=2483"}],"version-history":[{"count":1,"href":"https:\/\/cardonergroup.com\/ca\/wp-json\/wp\/v2\/pages\/2483\/revisions"}],"predecessor-version":[{"id":2489,"href":"https:\/\/cardonergroup.com\/ca\/wp-json\/wp\/v2\/pages\/2483\/revisions\/2489"}],"wp:featuredmedia":[{"embeddable":true,"href":"https:\/\/cardonergroup.com\/ca\/wp-json\/wp\/v2\/media\/1988"}],"wp:attachment":[{"href":"https:\/\/cardonergroup.com\/ca\/wp-json\/wp\/v2\/media?parent=2483"}],"curies":[{"name":"wp","href":"https:\/\/api.w.org\/{rel}","templated":true}]}}