{"id":2460,"date":"2025-11-26T09:14:27","date_gmt":"2025-11-26T09:14:27","guid":{"rendered":"https:\/\/cardonergroup.com\/home\/"},"modified":"2026-03-27T11:54:01","modified_gmt":"2026-03-27T11:54:01","slug":"home","status":"publish","type":"page","link":"https:\/\/cardonergroup.com\/ca\/","title":{"rendered":"Home"},"content":{"rendered":"","protected":false},"excerpt":{"rendered":"","protected":false},"author":6,"featured_media":0,"parent":0,"menu_order":0,"comment_status":"closed","ping_status":"closed","template":"templates\/template-flexible.php","meta":{"_acf_changed":false,"footnotes":""},"class_list":["post-2460","page","type-page","status-publish","hentry"],"acf":[],"yoast_head":"<!-- This site is optimized with the Yoast SEO plugin v27.3 - https:\/\/yoast.com\/product\/yoast-seo-wordpress\/ -->\n<title>Cardoner Group - Construcci\u00f3 i promoci\u00f3 immobili\u00e0ria<\/title>\n<meta name=\"description\" content=\"Som un grup empresarial dedicat a la construcci\u00f3, promoci\u00f3 immobili\u00e0ria, manteniment d\u2019edificis i altres serveis relacionats amb el m\u00f3n de l\u2019edificaci\u00f3 i l\u2019obra civil.\" \/>\n<meta name=\"robots\" content=\"index, follow, max-snippet:-1, max-image-preview:large, max-video-preview:-1\" \/>\n<link rel=\"canonical\" href=\"https:\/\/cardonergroup.com\/ca\/\" \/>\n<meta property=\"og:locale\" content=\"ca_ES\" \/>\n<meta property=\"og:type\" content=\"article\" \/>\n<meta property=\"og:title\" content=\"Cardoner Group - Construcci\u00f3 i promoci\u00f3 immobili\u00e0ria\" \/>\n<meta property=\"og:description\" content=\"Som un grup empresarial dedicat a la construcci\u00f3, promoci\u00f3 immobili\u00e0ria, manteniment d\u2019edificis i altres serveis relacionats amb el m\u00f3n de l\u2019edificaci\u00f3 i l\u2019obra civil.\" \/>\n<meta property=\"og:url\" content=\"https:\/\/cardonergroup.com\/ca\/\" \/>\n<meta property=\"og:site_name\" content=\"Cardoner Group\" \/>\n<meta property=\"article:modified_time\" content=\"2026-03-27T11:54:01+00:00\" \/>\n<meta name=\"twitter:card\" content=\"summary_large_image\" \/>\n<script type=\"application\/ld+json\" class=\"yoast-schema-graph\">{\"@context\":\"https:\\\/\\\/schema.org\",\"@graph\":[{\"@type\":\"WebPage\",\"@id\":\"https:\\\/\\\/cardonergroup.com\\\/ca\\\/\",\"url\":\"https:\\\/\\\/cardonergroup.com\\\/ca\\\/\",\"name\":\"Cardoner Group - Construcci\u00f3 i promoci\u00f3 immobili\u00e0ria\",\"isPartOf\":{\"@id\":\"https:\\\/\\\/cardonergroup.com\\\/ca\\\/#website\"},\"datePublished\":\"2025-11-26T09:14:27+00:00\",\"dateModified\":\"2026-03-27T11:54:01+00:00\",\"description\":\"Som un grup empresarial dedicat a la construcci\u00f3, promoci\u00f3 immobili\u00e0ria, manteniment d\u2019edificis i altres serveis relacionats amb el m\u00f3n de l\u2019edificaci\u00f3 i l\u2019obra civil.\",\"breadcrumb\":{\"@id\":\"https:\\\/\\\/cardonergroup.com\\\/ca\\\/#breadcrumb\"},\"inLanguage\":\"ca\",\"potentialAction\":[{\"@type\":\"ReadAction\",\"target\":[\"https:\\\/\\\/cardonergroup.com\\\/ca\\\/\"]}]},{\"@type\":\"BreadcrumbList\",\"@id\":\"https:\\\/\\\/cardonergroup.com\\\/ca\\\/#breadcrumb\",\"itemListElement\":[{\"@type\":\"ListItem\",\"position\":1,\"name\":\"Portada\",\"item\":\"https:\\\/\\\/cardonergroup.com\\\/ca\\\/\"},{\"@type\":\"ListItem\",\"position\":2,\"name\":\"Home\"}]},{\"@type\":\"WebSite\",\"@id\":\"https:\\\/\\\/cardonergroup.com\\\/ca\\\/#website\",\"url\":\"https:\\\/\\\/cardonergroup.com\\\/ca\\\/\",\"name\":\"Cardoner Group\",\"description\":\"\",\"potentialAction\":[{\"@type\":\"SearchAction\",\"target\":{\"@type\":\"EntryPoint\",\"urlTemplate\":\"https:\\\/\\\/cardonergroup.com\\\/ca\\\/?s={search_term_string}\"},\"query-input\":{\"@type\":\"PropertyValueSpecification\",\"valueRequired\":true,\"valueName\":\"search_term_string\"}}],\"inLanguage\":\"ca\"}]}<\/script>\n<!-- \/ Yoast SEO plugin. -->","yoast_head_json":{"title":"Cardoner Group - Construcci\u00f3 i promoci\u00f3 immobili\u00e0ria","description":"Som un grup empresarial dedicat a la construcci\u00f3, promoci\u00f3 immobili\u00e0ria, manteniment d\u2019edificis i altres serveis relacionats amb el m\u00f3n de l\u2019edificaci\u00f3 i l\u2019obra civil.","robots":{"index":"index","follow":"follow","max-snippet":"max-snippet:-1","max-image-preview":"max-image-preview:large","max-video-preview":"max-video-preview:-1"},"canonical":"https:\/\/cardonergroup.com\/ca\/","og_locale":"ca_ES","og_type":"article","og_title":"Cardoner Group - Construcci\u00f3 i promoci\u00f3 immobili\u00e0ria","og_description":"Som un grup empresarial dedicat a la construcci\u00f3, promoci\u00f3 immobili\u00e0ria, manteniment d\u2019edificis i altres serveis relacionats amb el m\u00f3n de l\u2019edificaci\u00f3 i l\u2019obra civil.","og_url":"https:\/\/cardonergroup.com\/ca\/","og_site_name":"Cardoner Group","article_modified_time":"2026-03-27T11:54:01+00:00","twitter_card":"summary_large_image","schema":{"@context":"https:\/\/schema.org","@graph":[{"@type":"WebPage","@id":"https:\/\/cardonergroup.com\/ca\/","url":"https:\/\/cardonergroup.com\/ca\/","name":"Cardoner Group - Construcci\u00f3 i promoci\u00f3 immobili\u00e0ria","isPartOf":{"@id":"https:\/\/cardonergroup.com\/ca\/#website"},"datePublished":"2025-11-26T09:14:27+00:00","dateModified":"2026-03-27T11:54:01+00:00","description":"Som un grup empresarial dedicat a la construcci\u00f3, promoci\u00f3 immobili\u00e0ria, manteniment d\u2019edificis i altres serveis relacionats amb el m\u00f3n de l\u2019edificaci\u00f3 i l\u2019obra civil.","breadcrumb":{"@id":"https:\/\/cardonergroup.com\/ca\/#breadcrumb"},"inLanguage":"ca","potentialAction":[{"@type":"ReadAction","target":["https:\/\/cardonergroup.com\/ca\/"]}]},{"@type":"BreadcrumbList","@id":"https:\/\/cardonergroup.com\/ca\/#breadcrumb","itemListElement":[{"@type":"ListItem","position":1,"name":"Portada","item":"https:\/\/cardonergroup.com\/ca\/"},{"@type":"ListItem","position":2,"name":"Home"}]},{"@type":"WebSite","@id":"https:\/\/cardonergroup.com\/ca\/#website","url":"https:\/\/cardonergroup.com\/ca\/","name":"Cardoner Group","description":"","potentialAction":[{"@type":"SearchAction","target":{"@type":"EntryPoint","urlTemplate":"https:\/\/cardonergroup.com\/ca\/?s={search_term_string}"},"query-input":{"@type":"PropertyValueSpecification","valueRequired":true,"valueName":"search_term_string"}}],"inLanguage":"ca"}]}},"_links":{"self":[{"href":"https:\/\/cardonergroup.com\/ca\/wp-json\/wp\/v2\/pages\/2460","targetHints":{"allow":["GET"]}}],"collection":[{"href":"https:\/\/cardonergroup.com\/ca\/wp-json\/wp\/v2\/pages"}],"about":[{"href":"https:\/\/cardonergroup.com\/ca\/wp-json\/wp\/v2\/types\/page"}],"author":[{"embeddable":true,"href":"https:\/\/cardonergroup.com\/ca\/wp-json\/wp\/v2\/users\/6"}],"replies":[{"embeddable":true,"href":"https:\/\/cardonergroup.com\/ca\/wp-json\/wp\/v2\/comments?post=2460"}],"version-history":[{"count":12,"href":"https:\/\/cardonergroup.com\/ca\/wp-json\/wp\/v2\/pages\/2460\/revisions"}],"predecessor-version":[{"id":2888,"href":"https:\/\/cardonergroup.com\/ca\/wp-json\/wp\/v2\/pages\/2460\/revisions\/2888"}],"wp:attachment":[{"href":"https:\/\/cardonergroup.com\/ca\/wp-json\/wp\/v2\/media?parent=2460"}],"curies":[{"name":"wp","href":"https:\/\/api.w.org\/{rel}","templated":true}]}}